{"id":8,"date":"2024-05-14T09:22:09","date_gmt":"2024-05-14T09:22:09","guid":{"rendered":"https:\/\/messelstein.annagraphie.p01.wpspace.partners\/?page_id=8"},"modified":"2025-04-22T12:19:47","modified_gmt":"2025-04-22T12:19:47","slug":"startseite","status":"publish","type":"page","link":"https:\/\/messelstein.annagraphie.p01.wpspace.partners\/","title":{"rendered":"Messelstein Verlag Donzdorf"},"content":{"rendered":"\t\t<div data-elementor-type=\"wp-page\" data-elementor-id=\"8\" class=\"elementor elementor-8\">\n\t\t\t\t<div class=\"elementor-element elementor-element-40e0a8f e-flex e-con-boxed e-con e-parent\" data-id=\"40e0a8f\" data-element_type=\"container\" data-e-type=\"container\" data-settings=\"{&quot;background_background&quot;:&quot;classic&quot;}\">\n\t\t\t\t\t<div class=\"e-con-inner\">\n\t\t\t\t<div class=\"elementor-element elementor-element-adb08f5 elementor-widget elementor-widget-heading\" data-id=\"adb08f5\" data-element_type=\"widget\" data-e-type=\"widget\" data-widget_type=\"heading.default\">\n\t\t\t\t<div class=\"elementor-widget-container\">\n\t\t\t\t\t<h1 class=\"elementor-heading-title elementor-size-default\">Herzlich Willkommen beim \nMesselstein Verlag<\/h1>\t\t\t\t<\/div>\n\t\t\t\t<\/div>\n\t\t\t\t<div class=\"elementor-element elementor-element-268601e elementor-widget elementor-widget-heading\" data-id=\"268601e\" data-element_type=\"widget\" data-e-type=\"widget\" data-widget_type=\"heading.default\">\n\t\t\t\t<div class=\"elementor-widget-container\">\n\t\t\t\t\t<h2 class=\"elementor-heading-title elementor-size-default\">Ihrer zuverl\u00e4ssigen Druckerei in Donzdorf!<\/h2>\t\t\t\t<\/div>\n\t\t\t\t<\/div>\n\t\t\t\t<div class=\"elementor-element elementor-element-4a59ac8 elementor-align-center elementor-widget elementor-widget-button\" data-id=\"4a59ac8\" data-element_type=\"widget\" data-e-type=\"widget\" data-widget_type=\"button.default\">\n\t\t\t\t<div class=\"elementor-widget-container\">\n\t\t\t\t\t\t\t\t\t<div class=\"elementor-button-wrapper\">\n\t\t\t\t\t<a class=\"elementor-button elementor-button-link elementor-size-sm\" href=\"https:\/\/messelstein.annagraphie.p01.wpspace.partners\/?page_id=32\">\n\t\t\t\t\t\t<span class=\"elementor-button-content-wrapper\">\n\t\t\t\t\t\t\t\t\t<span class=\"elementor-button-text\">Unsere Leistungen <\/span>\n\t\t\t\t\t<\/span>\n\t\t\t\t\t<\/a>\n\t\t\t\t<\/div>\n\t\t\t\t\t\t\t\t<\/div>\n\t\t\t\t<\/div>\n\t\t\t\t\t<\/div>\n\t\t\t\t<\/div>\n\t\t<div class=\"elementor-element elementor-element-111230e e-flex e-con-boxed e-con e-parent\" data-id=\"111230e\" data-element_type=\"container\" data-e-type=\"container\">\n\t\t\t\t\t<div class=\"e-con-inner\">\n\t\t<div class=\"elementor-element elementor-element-7ae1cb5 e-con-full e-flex e-con e-child\" data-id=\"7ae1cb5\" data-element_type=\"container\" data-e-type=\"container\">\n\t\t\t\t<div class=\"elementor-element elementor-element-7dad88f elementor-widget elementor-widget-text-editor\" data-id=\"7dad88f\" data-element_type=\"widget\" data-e-type=\"widget\" data-widget_type=\"text-editor.default\">\n\t\t\t\t<div class=\"elementor-widget-container\">\n\t\t\t\t\t\t\t\t\t<p>Auf diesen Seiten finden Sie alles Wissenswerte \u00fcber unseren Betrieb, unsere Leistungen und Publikationen.\u00a0<br \/>Au\u00dferdem bieten wir Ihnen unter der Rubrik Leistungen die M\u00f6glichkeit, mit Hilfe eines Formulars ein Angebot nach Ihren individuellen W\u00fcnschen anzufordern.<\/p><p>In der Rubrik Mitteilungsbl\u00e4tter informieren wir Sie \u00fcber Preise und Formate, wenn Sie im Donzdorfer und Lautersteiner Mitteilungsblatt eine Annonce<br \/>schalten wollen.<\/p><p>F\u00fcr weitere Fragen stehen wir Ihnen gerne zur Verf\u00fcgung.<\/p>\t\t\t\t\t\t\t\t<\/div>\n\t\t\t\t<\/div>\n\t\t\t\t<div class=\"elementor-element elementor-element-9b2fbb9 elementor-align-center elementor-widget elementor-widget-button\" data-id=\"9b2fbb9\" data-element_type=\"widget\" data-e-type=\"widget\" data-widget_type=\"button.default\">\n\t\t\t\t<div class=\"elementor-widget-container\">\n\t\t\t\t\t\t\t\t\t<div class=\"elementor-button-wrapper\">\n\t\t\t\t\t<a class=\"elementor-button elementor-button-link elementor-size-sm\" href=\"https:\/\/messelstein.annagraphie.p01.wpspace.partners\/?page_id=38\">\n\t\t\t\t\t\t<span class=\"elementor-button-content-wrapper\">\n\t\t\t\t\t\t\t\t\t<span class=\"elementor-button-text\">Kontaktieren Sie uns<\/span>\n\t\t\t\t\t<\/span>\n\t\t\t\t\t<\/a>\n\t\t\t\t<\/div>\n\t\t\t\t\t\t\t\t<\/div>\n\t\t\t\t<\/div>\n\t\t\t\t<\/div>\n\t\t<div class=\"elementor-element elementor-element-763b9c3 e-con-full e-flex e-con e-child\" data-id=\"763b9c3\" data-element_type=\"container\" data-e-type=\"container\">\n\t\t\t\t<div class=\"elementor-element elementor-element-5880901 elementor-widget elementor-widget-image-carousel\" data-id=\"5880901\" data-element_type=\"widget\" data-e-type=\"widget\" data-settings=\"{&quot;slides_to_show&quot;:&quot;1&quot;,&quot;navigation&quot;:&quot;none&quot;,&quot;autoplay&quot;:&quot;yes&quot;,&quot;pause_on_hover&quot;:&quot;yes&quot;,&quot;pause_on_interaction&quot;:&quot;yes&quot;,&quot;autoplay_speed&quot;:5000,&quot;infinite&quot;:&quot;yes&quot;,&quot;effect&quot;:&quot;slide&quot;,&quot;speed&quot;:500}\" data-widget_type=\"image-carousel.default\">\n\t\t\t\t<div class=\"elementor-widget-container\">\n\t\t\t\t\t\t\t<div class=\"elementor-image-carousel-wrapper swiper\" role=\"region\" aria-roledescription=\"carousel\" aria-label=\"Bild Karussell\" dir=\"ltr\">\n\t\t\t<div class=\"elementor-image-carousel swiper-wrapper\" aria-live=\"off\">\n\t\t\t\t\t\t\t\t<div class=\"swiper-slide\" role=\"group\" aria-roledescription=\"slide\" aria-label=\"1 von 3\"><figure class=\"swiper-slide-inner\"><img decoding=\"async\" class=\"swiper-slide-image\" src=\"https:\/\/messelstein.annagraphie.p01.wpspace.partners\/wp-content\/uploads\/2024\/11\/Messelstein-Verlag-Donzdorf-Druckerei-Firmenschild-768x511.jpg\" alt=\"Firmenschild Eingangsbereich Messelstein-Verlag GmbH\" \/><\/figure><\/div><div class=\"swiper-slide\" role=\"group\" aria-roledescription=\"slide\" aria-label=\"2 von 3\"><figure class=\"swiper-slide-inner\"><img decoding=\"async\" class=\"swiper-slide-image\" src=\"https:\/\/messelstein.annagraphie.p01.wpspace.partners\/wp-content\/uploads\/2024\/11\/Messelstein-Verlag-Donzdorf-Druckerei-Farbfaecher-768x512.jpg\" alt=\"Farbf\u00e4cher Pantone Farben\" \/><\/figure><\/div><div class=\"swiper-slide\" role=\"group\" aria-roledescription=\"slide\" aria-label=\"3 von 3\"><figure class=\"swiper-slide-inner\"><img decoding=\"async\" class=\"swiper-slide-image\" src=\"https:\/\/messelstein.annagraphie.p01.wpspace.partners\/wp-content\/uploads\/2024\/11\/Messelstein-Verlag-Donzdorf-Druckerei-768x512.jpg\" alt=\"Druckdaten-Weiterverarbeitung mit Maschinen von Heidelberg\" \/><\/figure><\/div>\t\t\t<\/div>\n\t\t\t\t\t\t\t\n\t\t\t\t\t\t\t\t\t<\/div>\n\t\t\t\t\t\t<\/div>\n\t\t\t\t<\/div>\n\t\t\t\t<\/div>\n\t\t\t\t\t<\/div>\n\t\t\t\t<\/div>\n\t\t<div class=\"elementor-element elementor-element-5caf33c animated-slow e-flex e-con-boxed e-con e-parent\" data-id=\"5caf33c\" data-element_type=\"container\" data-e-type=\"container\" data-settings=\"{&quot;background_background&quot;:&quot;classic&quot;,&quot;animation&quot;:&quot;none&quot;}\">\n\t\t\t\t\t<div class=\"e-con-inner\">\n\t\t\t\t\t<\/div>\n\t\t\t\t<\/div>\n\t\t<div class=\"elementor-element elementor-element-83ea2ec animated-slow e-flex e-con-boxed e-con e-parent\" data-id=\"83ea2ec\" data-element_type=\"container\" data-e-type=\"container\" data-settings=\"{&quot;background_background&quot;:&quot;classic&quot;,&quot;animation&quot;:&quot;none&quot;}\">\n\t\t\t\t\t<div class=\"e-con-inner\">\n\t\t\t\t<div class=\"elementor-element elementor-element-8a571d2 elementor-widget elementor-widget-heading\" data-id=\"8a571d2\" data-element_type=\"widget\" data-e-type=\"widget\" data-widget_type=\"heading.default\">\n\t\t\t\t<div class=\"elementor-widget-container\">\n\t\t\t\t\t<h3 class=\"elementor-heading-title elementor-size-default\">Aktuelles<\/h3>\t\t\t\t<\/div>\n\t\t\t\t<\/div>\n\t\t<div class=\"elementor-element elementor-element-53b57d5 e-con-full e-grid e-con e-child\" data-id=\"53b57d5\" data-element_type=\"container\" data-e-type=\"container\">\n\t\t\t\t<div class=\"elementor-element elementor-element-3f1eec1 elementor-widget__width-inherit elementor-widget elementor-widget-wp-widget-recent-posts\" data-id=\"3f1eec1\" data-element_type=\"widget\" data-e-type=\"widget\" data-widget_type=\"wp-widget-recent-posts.default\">\n\t\t\t\t<div class=\"elementor-widget-container\">\n\t\t\t\t\t\n\t\t\n\t\t<h5>Hier geht es zu unseren aktuellen Beitr\u00e4gen<\/h5>\n\t\t<ul>\n\t\t\t\t\t\t\t\t\t\t\t<li>\n\t\t\t\t\t<a href=\"https:\/\/messelstein.annagraphie.p01.wpspace.partners\/?p=1\">Hello world!<\/a>\n\t\t\t\t\t\t\t\t\t\t\t<span class=\"post-date\">Mai 14, 2024<\/span>\n\t\t\t\t\t\t\t\t\t<\/li>\n\t\t\t\t\t<\/ul>\n\n\t\t\t\t\t\t<\/div>\n\t\t\t\t<\/div>\n\t\t\t\t<div class=\"elementor-element elementor-element-e224bed elementor-widget elementor-widget-text-editor\" data-id=\"e224bed\" data-element_type=\"widget\" data-e-type=\"widget\" data-widget_type=\"text-editor.default\">\n\t\t\t\t<div class=\"elementor-widget-container\">\n\t\t\t\t\t\t\t\t\t<p><strong>ACHTUNG!<\/strong><\/p><p><strong>Textbeitr\u00e4ge<\/strong> f\u00fcr die Mitteilungsbl\u00e4tter bitte nur noch an das Postfach <a href=\"berichte@messelstein.de\">berichte@messelstein.de<\/a>.<\/p><p><strong>Anzeigen<\/strong> f\u00fcr die Mitteilungsbl\u00e4tter bitte nur noch an das Postfach <a href=\"anzeigen@messelstein.de\">anzeigen@messelstein.de<\/a>.<\/p>\t\t\t\t\t\t\t\t<\/div>\n\t\t\t\t<\/div>\n\t\t\t\t<div class=\"elementor-element elementor-element-e45b4ec elementor-widget elementor-widget-button\" data-id=\"e45b4ec\" data-element_type=\"widget\" data-e-type=\"widget\" data-widget_type=\"button.default\">\n\t\t\t\t<div class=\"elementor-widget-container\">\n\t\t\t\t\t\t\t\t\t<div class=\"elementor-button-wrapper\">\n\t\t\t\t\t<a class=\"elementor-button elementor-button-link elementor-size-sm\" href=\"https:\/\/messelstein.annagraphie.p01.wpspace.partners\/?page_id=34\">\n\t\t\t\t\t\t<span class=\"elementor-button-content-wrapper\">\n\t\t\t\t\t\t\t\t\t<span class=\"elementor-button-text\">Zu den Mitteilungsbl\u00e4ttern<\/span>\n\t\t\t\t\t<\/span>\n\t\t\t\t\t<\/a>\n\t\t\t\t<\/div>\n\t\t\t\t\t\t\t\t<\/div>\n\t\t\t\t<\/div>\n\t\t\t\t<\/div>\n\t\t\t\t\t<\/div>\n\t\t\t\t<\/div>\n\t\t\t\t<\/div>\n\t\t","protected":false},"excerpt":{"rendered":"<p>Herzlich Willkommen beim Messelstein Verlag Ihrer zuverl\u00e4ssigen Druckerei in Donzdorf! Unsere Leistungen Auf diesen Seiten finden Sie alles Wissenswerte \u00fcber unseren Betrieb, unsere Leistungen und Publikationen.\u00a0Au\u00dferdem bieten wir Ihnen unter der Rubrik Leistungen die M\u00f6glichkeit, mit Hilfe eines Formulars ein Angebot nach Ihren individuellen W\u00fcnschen anzufordern. In der Rubrik Mitteilungsbl\u00e4tter informieren wir Sie \u00fcber Preise&hellip;&nbsp;<a href=\"https:\/\/messelstein.annagraphie.p01.wpspace.partners\/\" rel=\"bookmark\">Weiterlesen &raquo;<span class=\"screen-reader-text\">Messelstein Verlag Donzdorf<\/span><\/a><\/p>\n","protected":false},"author":1,"featured_media":0,"parent":0,"menu_order":0,"comment_status":"closed","ping_status":"closed","template":"","meta":{"neve_meta_sidebar":"","neve_meta_container":"","neve_meta_enable_content_width":"on","neve_meta_content_width":100,"neve_meta_title_alignment":"","neve_meta_author_avatar":"","neve_post_elements_order":"","neve_meta_disable_header":"off","neve_meta_disable_footer":"","neve_meta_disable_title":"on","footnotes":""},"class_list":["post-8","page","type-page","status-publish","hentry"],"yoast_head":"<!-- This site is optimized with the Yoast SEO plugin v27.4 - https:\/\/yoast.com\/product\/yoast-seo-wordpress\/ -->\n<title>Messelstein Verlag Donzdorf -<\/title>\n<meta name=\"robots\" content=\"noindex, follow, max-snippet:-1, max-image-preview:large, max-video-preview:-1\" \/>\n<meta property=\"og:locale\" content=\"de_DE\" \/>\n<meta property=\"og:type\" content=\"article\" \/>\n<meta property=\"og:title\" content=\"Messelstein Verlag Donzdorf -\" \/>\n<meta property=\"og:description\" content=\"Herzlich Willkommen beim Messelstein Verlag Ihrer zuverl\u00e4ssigen Druckerei in Donzdorf! Unsere Leistungen Auf diesen Seiten finden Sie alles Wissenswerte \u00fcber unseren Betrieb, unsere Leistungen und Publikationen.\u00a0Au\u00dferdem bieten wir Ihnen unter der Rubrik Leistungen die M\u00f6glichkeit, mit Hilfe eines Formulars ein Angebot nach Ihren individuellen W\u00fcnschen anzufordern. In der Rubrik Mitteilungsbl\u00e4tter informieren wir Sie \u00fcber Preise&hellip;&nbsp;Weiterlesen &raquo;Messelstein Verlag Donzdorf\" \/>\n<meta property=\"og:url\" content=\"https:\/\/messelstein.annagraphie.p01.wpspace.partners\/\" \/>\n<meta property=\"article:modified_time\" content=\"2025-04-22T12:19:47+00:00\" \/>\n<meta property=\"og:image\" content=\"https:\/\/messelstein.annagraphie.p01.wpspace.partners\/wp-content\/uploads\/2024\/11\/Messelstein-Verlag-Donzdorf-Druckerei-Firmenschild-768x511.jpg\" \/>\n<meta name=\"twitter:card\" content=\"summary_large_image\" \/>\n<meta name=\"twitter:label1\" content=\"Gesch\u00e4tzte Lesezeit\" \/>\n\t<meta name=\"twitter:data1\" content=\"2\u00a0Minuten\" \/>\n<script type=\"application\/ld+json\" class=\"yoast-schema-graph\">{\"@context\":\"https:\\\/\\\/schema.org\",\"@graph\":[{\"@type\":\"WebPage\",\"@id\":\"https:\\\/\\\/messelstein.annagraphie.p01.wpspace.partners\\\/\",\"url\":\"https:\\\/\\\/messelstein.annagraphie.p01.wpspace.partners\\\/\",\"name\":\"Messelstein Verlag Donzdorf -\",\"isPartOf\":{\"@id\":\"https:\\\/\\\/messelstein.annagraphie.p01.wpspace.partners\\\/#website\"},\"primaryImageOfPage\":{\"@id\":\"https:\\\/\\\/messelstein.annagraphie.p01.wpspace.partners\\\/#primaryimage\"},\"image\":{\"@id\":\"https:\\\/\\\/messelstein.annagraphie.p01.wpspace.partners\\\/#primaryimage\"},\"thumbnailUrl\":\"https:\\\/\\\/messelstein.annagraphie.p01.wpspace.partners\\\/wp-content\\\/uploads\\\/2024\\\/11\\\/Messelstein-Verlag-Donzdorf-Druckerei-Firmenschild-768x511.jpg\",\"datePublished\":\"2024-05-14T09:22:09+00:00\",\"dateModified\":\"2025-04-22T12:19:47+00:00\",\"breadcrumb\":{\"@id\":\"https:\\\/\\\/messelstein.annagraphie.p01.wpspace.partners\\\/#breadcrumb\"},\"inLanguage\":\"de\",\"potentialAction\":[{\"@type\":\"ReadAction\",\"target\":[\"https:\\\/\\\/messelstein.annagraphie.p01.wpspace.partners\\\/\"]}]},{\"@type\":\"ImageObject\",\"inLanguage\":\"de\",\"@id\":\"https:\\\/\\\/messelstein.annagraphie.p01.wpspace.partners\\\/#primaryimage\",\"url\":\"https:\\\/\\\/messelstein.annagraphie.p01.wpspace.partners\\\/wp-content\\\/uploads\\\/2024\\\/11\\\/Messelstein-Verlag-Donzdorf-Druckerei-Firmenschild.jpg\",\"contentUrl\":\"https:\\\/\\\/messelstein.annagraphie.p01.wpspace.partners\\\/wp-content\\\/uploads\\\/2024\\\/11\\\/Messelstein-Verlag-Donzdorf-Druckerei-Firmenschild.jpg\",\"width\":1200,\"height\":799,\"caption\":\"Schild Eingangsbereich Messelstein-Verlag GmbH\"},{\"@type\":\"BreadcrumbList\",\"@id\":\"https:\\\/\\\/messelstein.annagraphie.p01.wpspace.partners\\\/#breadcrumb\",\"itemListElement\":[{\"@type\":\"ListItem\",\"position\":1,\"name\":\"Startseite\",\"item\":\"https:\\\/\\\/messelstein.annagraphie.p01.wpspace.partners\\\/\"},{\"@type\":\"ListItem\",\"position\":2,\"name\":\"Messelstein Verlag Donzdorf\"}]},{\"@type\":\"WebSite\",\"@id\":\"https:\\\/\\\/messelstein.annagraphie.p01.wpspace.partners\\\/#website\",\"url\":\"https:\\\/\\\/messelstein.annagraphie.p01.wpspace.partners\\\/\",\"name\":\"\",\"description\":\"Deine zuverl\u00e4ssige Druckerei aus Donzdorf\",\"potentialAction\":[{\"@type\":\"SearchAction\",\"target\":{\"@type\":\"EntryPoint\",\"urlTemplate\":\"https:\\\/\\\/messelstein.annagraphie.p01.wpspace.partners\\\/?s={search_term_string}\"},\"query-input\":{\"@type\":\"PropertyValueSpecification\",\"valueRequired\":true,\"valueName\":\"search_term_string\"}}],\"inLanguage\":\"de\"}]}<\/script>\n<!-- \/ Yoast SEO plugin. -->","yoast_head_json":{"title":"Messelstein Verlag Donzdorf -","robots":{"index":"noindex","follow":"follow","max-snippet":"max-snippet:-1","max-image-preview":"max-image-preview:large","max-video-preview":"max-video-preview:-1"},"og_locale":"de_DE","og_type":"article","og_title":"Messelstein Verlag Donzdorf -","og_description":"Herzlich Willkommen beim Messelstein Verlag Ihrer zuverl\u00e4ssigen Druckerei in Donzdorf! Unsere Leistungen Auf diesen Seiten finden Sie alles Wissenswerte \u00fcber unseren Betrieb, unsere Leistungen und Publikationen.\u00a0Au\u00dferdem bieten wir Ihnen unter der Rubrik Leistungen die M\u00f6glichkeit, mit Hilfe eines Formulars ein Angebot nach Ihren individuellen W\u00fcnschen anzufordern. In der Rubrik Mitteilungsbl\u00e4tter informieren wir Sie \u00fcber Preise&hellip;&nbsp;Weiterlesen &raquo;Messelstein Verlag Donzdorf","og_url":"https:\/\/messelstein.annagraphie.p01.wpspace.partners\/","article_modified_time":"2025-04-22T12:19:47+00:00","og_image":[{"url":"https:\/\/messelstein.annagraphie.p01.wpspace.partners\/wp-content\/uploads\/2024\/11\/Messelstein-Verlag-Donzdorf-Druckerei-Firmenschild-768x511.jpg","type":"","width":"","height":""}],"twitter_card":"summary_large_image","twitter_misc":{"Gesch\u00e4tzte Lesezeit":"2\u00a0Minuten"},"schema":{"@context":"https:\/\/schema.org","@graph":[{"@type":"WebPage","@id":"https:\/\/messelstein.annagraphie.p01.wpspace.partners\/","url":"https:\/\/messelstein.annagraphie.p01.wpspace.partners\/","name":"Messelstein Verlag Donzdorf -","isPartOf":{"@id":"https:\/\/messelstein.annagraphie.p01.wpspace.partners\/#website"},"primaryImageOfPage":{"@id":"https:\/\/messelstein.annagraphie.p01.wpspace.partners\/#primaryimage"},"image":{"@id":"https:\/\/messelstein.annagraphie.p01.wpspace.partners\/#primaryimage"},"thumbnailUrl":"https:\/\/messelstein.annagraphie.p01.wpspace.partners\/wp-content\/uploads\/2024\/11\/Messelstein-Verlag-Donzdorf-Druckerei-Firmenschild-768x511.jpg","datePublished":"2024-05-14T09:22:09+00:00","dateModified":"2025-04-22T12:19:47+00:00","breadcrumb":{"@id":"https:\/\/messelstein.annagraphie.p01.wpspace.partners\/#breadcrumb"},"inLanguage":"de","potentialAction":[{"@type":"ReadAction","target":["https:\/\/messelstein.annagraphie.p01.wpspace.partners\/"]}]},{"@type":"ImageObject","inLanguage":"de","@id":"https:\/\/messelstein.annagraphie.p01.wpspace.partners\/#primaryimage","url":"https:\/\/messelstein.annagraphie.p01.wpspace.partners\/wp-content\/uploads\/2024\/11\/Messelstein-Verlag-Donzdorf-Druckerei-Firmenschild.jpg","contentUrl":"https:\/\/messelstein.annagraphie.p01.wpspace.partners\/wp-content\/uploads\/2024\/11\/Messelstein-Verlag-Donzdorf-Druckerei-Firmenschild.jpg","width":1200,"height":799,"caption":"Schild Eingangsbereich Messelstein-Verlag GmbH"},{"@type":"BreadcrumbList","@id":"https:\/\/messelstein.annagraphie.p01.wpspace.partners\/#breadcrumb","itemListElement":[{"@type":"ListItem","position":1,"name":"Startseite","item":"https:\/\/messelstein.annagraphie.p01.wpspace.partners\/"},{"@type":"ListItem","position":2,"name":"Messelstein Verlag Donzdorf"}]},{"@type":"WebSite","@id":"https:\/\/messelstein.annagraphie.p01.wpspace.partners\/#website","url":"https:\/\/messelstein.annagraphie.p01.wpspace.partners\/","name":"","description":"Deine zuverl\u00e4ssige Druckerei aus Donzdorf","potentialAction":[{"@type":"SearchAction","target":{"@type":"EntryPoint","urlTemplate":"https:\/\/messelstein.annagraphie.p01.wpspace.partners\/?s={search_term_string}"},"query-input":{"@type":"PropertyValueSpecification","valueRequired":true,"valueName":"search_term_string"}}],"inLanguage":"de"}]}},"_links":{"self":[{"href":"https:\/\/messelstein.annagraphie.p01.wpspace.partners\/index.php?rest_route=\/wp\/v2\/pages\/8","targetHints":{"allow":["GET"]}}],"collection":[{"href":"https:\/\/messelstein.annagraphie.p01.wpspace.partners\/index.php?rest_route=\/wp\/v2\/pages"}],"about":[{"href":"https:\/\/messelstein.annagraphie.p01.wpspace.partners\/index.php?rest_route=\/wp\/v2\/types\/page"}],"author":[{"embeddable":true,"href":"https:\/\/messelstein.annagraphie.p01.wpspace.partners\/index.php?rest_route=\/wp\/v2\/users\/1"}],"replies":[{"embeddable":true,"href":"https:\/\/messelstein.annagraphie.p01.wpspace.partners\/index.php?rest_route=%2Fwp%2Fv2%2Fcomments&post=8"}],"version-history":[{"count":86,"href":"https:\/\/messelstein.annagraphie.p01.wpspace.partners\/index.php?rest_route=\/wp\/v2\/pages\/8\/revisions"}],"predecessor-version":[{"id":407,"href":"https:\/\/messelstein.annagraphie.p01.wpspace.partners\/index.php?rest_route=\/wp\/v2\/pages\/8\/revisions\/407"}],"wp:attachment":[{"href":"https:\/\/messelstein.annagraphie.p01.wpspace.partners\/index.php?rest_route=%2Fwp%2Fv2%2Fmedia&parent=8"}],"curies":[{"name":"wp","href":"https:\/\/api.w.org\/{rel}","templated":true}]}}