{"id":34,"date":"2024-05-14T09:30:38","date_gmt":"2024-05-14T09:30:38","guid":{"rendered":"https:\/\/messelstein.annagraphie.p01.wpspace.partners\/?page_id=34"},"modified":"2024-11-29T12:52:01","modified_gmt":"2024-11-29T12:52:01","slug":"mitteilungsblaetter","status":"publish","type":"page","link":"https:\/\/messelstein.annagraphie.p01.wpspace.partners\/?page_id=34","title":{"rendered":"Mitteilungsbl\u00e4tter"},"content":{"rendered":"\t\t<div data-elementor-type=\"wp-page\" data-elementor-id=\"34\" class=\"elementor elementor-34\">\n\t\t\t\t<div class=\"elementor-element elementor-element-45534811 e-con-full e-flex e-con e-parent\" data-id=\"45534811\" data-element_type=\"container\" data-e-type=\"container\">\n\t\t\t\t<div class=\"elementor-element elementor-element-6a062294 elementor-arrows-position-inside elementor-widget elementor-widget-image-carousel\" data-id=\"6a062294\" data-element_type=\"widget\" data-e-type=\"widget\" data-settings=\"{&quot;slides_to_show&quot;:&quot;1&quot;,&quot;navigation&quot;:&quot;arrows&quot;,&quot;autoplay&quot;:&quot;yes&quot;,&quot;pause_on_hover&quot;:&quot;yes&quot;,&quot;pause_on_interaction&quot;:&quot;yes&quot;,&quot;autoplay_speed&quot;:5000,&quot;infinite&quot;:&quot;yes&quot;,&quot;effect&quot;:&quot;slide&quot;,&quot;speed&quot;:500}\" data-widget_type=\"image-carousel.default\">\n\t\t\t\t<div class=\"elementor-widget-container\">\n\t\t\t\t\t\t\t<div class=\"elementor-image-carousel-wrapper swiper\" role=\"region\" aria-roledescription=\"carousel\" aria-label=\"Bild Karussell\" dir=\"ltr\">\n\t\t\t<div class=\"elementor-image-carousel swiper-wrapper swiper-image-stretch\" aria-live=\"off\">\n\t\t\t\t\t\t\t\t<div class=\"swiper-slide\" role=\"group\" aria-roledescription=\"slide\" aria-label=\"1 von 1\"><figure class=\"swiper-slide-inner\"><img decoding=\"async\" class=\"swiper-slide-image\" src=\"https:\/\/messelstein.annagraphie.p01.wpspace.partners\/wp-content\/uploads\/2024\/11\/Messelstein-Verlag-Donzdorf-Referenzen-Titel.jpg\" alt=\"Druckerzeugnisse des Messelstein-Verlags - Brosch\u00fcren\" \/><\/figure><\/div>\t\t\t<\/div>\n\t\t\t\t\t<\/div>\n\t\t\t\t\t\t<\/div>\n\t\t\t\t<\/div>\n\t\t\t\t<\/div>\n\t\t<div class=\"elementor-element elementor-element-68fb5b5f e-flex e-con-boxed e-con e-parent\" data-id=\"68fb5b5f\" data-element_type=\"container\" data-e-type=\"container\">\n\t\t\t\t\t<div class=\"e-con-inner\">\n\t\t<div class=\"elementor-element elementor-element-4adb85b3 e-con-full e-flex e-con e-child\" data-id=\"4adb85b3\" data-element_type=\"container\" data-e-type=\"container\">\n\t\t\t\t<div class=\"elementor-element elementor-element-55687bb3 elementor-widget elementor-widget-heading\" data-id=\"55687bb3\" data-element_type=\"widget\" data-e-type=\"widget\" data-widget_type=\"heading.default\">\n\t\t\t\t<div class=\"elementor-widget-container\">\n\t\t\t\t\t<h2 class=\"elementor-heading-title elementor-size-default\">Mitteilungsblatt Donzdorf<\/h2>\t\t\t\t<\/div>\n\t\t\t\t<\/div>\n\t\t\t\t<div class=\"elementor-element elementor-element-43712736 elementor-widget elementor-widget-image\" data-id=\"43712736\" data-element_type=\"widget\" data-e-type=\"widget\" data-widget_type=\"image.default\">\n\t\t\t\t<div class=\"elementor-widget-container\">\n\t\t\t\t\t\t\t\t\t\t\t\t\t\t\t<img fetchpriority=\"high\" decoding=\"async\" width=\"1024\" height=\"683\" src=\"https:\/\/messelstein.annagraphie.p01.wpspace.partners\/wp-content\/uploads\/2024\/11\/Messelstein-Verlag-Donzdorf-Referenzen-05-1024x683.jpg\" class=\"attachment-large size-large wp-image-264\" alt=\"Druckerzeugnisse des Messelstein-Verlags - Mitteilungsbl\u00e4tter\" srcset=\"https:\/\/messelstein.annagraphie.p01.wpspace.partners\/wp-content\/uploads\/2024\/11\/Messelstein-Verlag-Donzdorf-Referenzen-05-1024x683.jpg 1024w, https:\/\/messelstein.annagraphie.p01.wpspace.partners\/wp-content\/uploads\/2024\/11\/Messelstein-Verlag-Donzdorf-Referenzen-05-300x200.jpg 300w, https:\/\/messelstein.annagraphie.p01.wpspace.partners\/wp-content\/uploads\/2024\/11\/Messelstein-Verlag-Donzdorf-Referenzen-05-768x512.jpg 768w, https:\/\/messelstein.annagraphie.p01.wpspace.partners\/wp-content\/uploads\/2024\/11\/Messelstein-Verlag-Donzdorf-Referenzen-05-930x620.jpg 930w, https:\/\/messelstein.annagraphie.p01.wpspace.partners\/wp-content\/uploads\/2024\/11\/Messelstein-Verlag-Donzdorf-Referenzen-05.jpg 1200w\" sizes=\"(max-width: 1024px) 100vw, 1024px\" \/>\t\t\t\t\t\t\t\t\t\t\t\t\t\t\t<\/div>\n\t\t\t\t<\/div>\n\t\t\t\t<div class=\"elementor-element elementor-element-1a5881e2 elementor-widget elementor-widget-text-editor\" data-id=\"1a5881e2\" data-element_type=\"widget\" data-e-type=\"widget\" data-widget_type=\"text-editor.default\">\n\t\t\t\t<div class=\"elementor-widget-container\">\n\t\t\t\t\t\t\t\t\t<p>Das Donzdorfer Mitteilungsblatt wird im Auftrag der Stadt Donzdorf vom Messelstein-Verlag in einer w\u00f6chentlichen Auflage von 3.000 Exemplaren herausgegeben. Anzeigenschluss ist in der Regel jeweils Dienstag, 12.00 Uhr. Das Mitteilungsblatt erscheint jeden Freitag und wird bereits am Donnerstagnachmittag durch unsere Austr\u00e4ger zugestellt. Der Abonnement-Preis bel\u00e4uft sich derzeit auf 13,80 Euro pro Quartal.<\/p>\t\t\t\t\t\t\t\t<\/div>\n\t\t\t\t<\/div>\n\t\t\t\t<\/div>\n\t\t<div class=\"elementor-element elementor-element-5c2fc640 e-con-full e-flex e-con e-child\" data-id=\"5c2fc640\" data-element_type=\"container\" data-e-type=\"container\">\n\t\t\t\t<div class=\"elementor-element elementor-element-a69e0d3 elementor-widget elementor-widget-heading\" data-id=\"a69e0d3\" data-element_type=\"widget\" data-e-type=\"widget\" data-widget_type=\"heading.default\">\n\t\t\t\t<div class=\"elementor-widget-container\">\n\t\t\t\t\t<h2 class=\"elementor-heading-title elementor-size-default\">Mitteilungsblatt Lauterstein<\/h2>\t\t\t\t<\/div>\n\t\t\t\t<\/div>\n\t\t\t\t<div class=\"elementor-element elementor-element-f2c1d54 elementor-widget elementor-widget-image\" data-id=\"f2c1d54\" data-element_type=\"widget\" data-e-type=\"widget\" data-widget_type=\"image.default\">\n\t\t\t\t<div class=\"elementor-widget-container\">\n\t\t\t\t\t\t\t\t\t\t\t\t\t\t\t<img decoding=\"async\" width=\"1024\" height=\"683\" src=\"https:\/\/messelstein.annagraphie.p01.wpspace.partners\/wp-content\/uploads\/2024\/11\/Messelstein-Verlag-Donzdorf-Leistungen-Druckerzeugnisse-02-1024x683.jpg\" class=\"attachment-large size-large wp-image-235\" alt=\"Druckerzeugnisse - Anzeigenbl\u00e4tter\" srcset=\"https:\/\/messelstein.annagraphie.p01.wpspace.partners\/wp-content\/uploads\/2024\/11\/Messelstein-Verlag-Donzdorf-Leistungen-Druckerzeugnisse-02-1024x683.jpg 1024w, https:\/\/messelstein.annagraphie.p01.wpspace.partners\/wp-content\/uploads\/2024\/11\/Messelstein-Verlag-Donzdorf-Leistungen-Druckerzeugnisse-02-300x200.jpg 300w, https:\/\/messelstein.annagraphie.p01.wpspace.partners\/wp-content\/uploads\/2024\/11\/Messelstein-Verlag-Donzdorf-Leistungen-Druckerzeugnisse-02-768x512.jpg 768w, https:\/\/messelstein.annagraphie.p01.wpspace.partners\/wp-content\/uploads\/2024\/11\/Messelstein-Verlag-Donzdorf-Leistungen-Druckerzeugnisse-02-930x620.jpg 930w, https:\/\/messelstein.annagraphie.p01.wpspace.partners\/wp-content\/uploads\/2024\/11\/Messelstein-Verlag-Donzdorf-Leistungen-Druckerzeugnisse-02.jpg 1200w\" sizes=\"(max-width: 1024px) 100vw, 1024px\" \/>\t\t\t\t\t\t\t\t\t\t\t\t\t\t\t<\/div>\n\t\t\t\t<\/div>\n\t\t\t\t<div class=\"elementor-element elementor-element-48919c7d elementor-widget elementor-widget-text-editor\" data-id=\"48919c7d\" data-element_type=\"widget\" data-e-type=\"widget\" data-widget_type=\"text-editor.default\">\n\t\t\t\t<div class=\"elementor-widget-container\">\n\t\t\t\t\t\t\t\t\t<p>Das Lautersteiner Mitteilungsblatt wird im Auftrag der Stadt Lauterstein vom Messelstein-Verlag in einer w\u00f6chentlichen Auflage von 1.000 Exemplaren herausgegeben. Anzeigenschluss ist in der Regel jeweils Dienstag, 12.00 Uhr. Das Mitteilungsblatt erscheint jeden Freitag und wird bereits am Donnerstagnachmittag durch unsere Austr\u00e4ger zugestellt. Der Abonnement-Preis bel\u00e4uft sich derzeit auf 19,50 Euro pro Halbjahr.<\/p>\t\t\t\t\t\t\t\t<\/div>\n\t\t\t\t<\/div>\n\t\t\t\t<\/div>\n\t\t\t\t\t<\/div>\n\t\t\t\t<\/div>\n\t\t<div class=\"elementor-element elementor-element-5d87f24 e-flex e-con-boxed e-con e-parent\" data-id=\"5d87f24\" data-element_type=\"container\" data-e-type=\"container\">\n\t\t\t\t\t<div class=\"e-con-inner\">\n\t\t\t\t<div class=\"elementor-element elementor-element-5f45870 elementor-widget elementor-widget-heading\" data-id=\"5f45870\" data-element_type=\"widget\" data-e-type=\"widget\" data-widget_type=\"heading.default\">\n\t\t\t\t<div class=\"elementor-widget-container\">\n\t\t\t\t\t<h3 class=\"elementor-heading-title elementor-size-default\">Unsere Media-Daten<\/h3>\t\t\t\t<\/div>\n\t\t\t\t<\/div>\n\t\t\t\t<div class=\"elementor-element elementor-element-54306b3 elementor-widget elementor-widget-text-editor\" data-id=\"54306b3\" data-element_type=\"widget\" data-e-type=\"widget\" data-widget_type=\"text-editor.default\">\n\t\t\t\t<div class=\"elementor-widget-container\">\n\t\t\t\t\t\t\t\t\t<p>Um Ihre Anzeigen und Druckauftr\u00e4ge in der gew\u00fcnschten Form ver\u00f6ffentlichen zu k\u00f6nnen, bitten wir Sie, folgende Vorgaben zu beachten:<\/p><p><strong>Daten\u00fcbertragung per E-Mail<\/strong><\/p><ul><li>Sie erreichen uns rund um die Uhr per E-Mail unter\u00a0<span id=\"cloak369f0737bcc258be2cd9d3e8d514c3b4\"><a href=\"mailto:info@messelstein.de\">info@messelstein.de<\/a><\/span><\/li><\/ul><p><strong>Druckdaten-\u00dcbernahme<\/strong><\/p><ul><li>Anzeigen f\u00fcr die Mitteilungsbl\u00e4tter senden Sie uns bitte als EPS, TIF, JPG oder PDF. Die Rasterweite sollte 100 lpi nicht \u00fcberschreiten.<\/li><li>Die Daten sollten ASCII-codiert sein und keine anderen Komprimierungen wie LZW enthalten.<\/li><li>Zu Ihrer eigenen Sicherheit f\u00fcgen Sie uns ein PDF zur Ausgabepr\u00fcfung bei oder senden Sie uns einen Ausdruck per Fax.<\/li><li>Schriften m\u00fcssen grunds\u00e4tzlich eingebettet sein. Wenn Sie sich nicht sicher sind, ob Ihr DTP-System Schriften integriert, dann wandeln Sie die Schriften in Zeichenwege um. Damit sind Sie vor \u00dcberraschungen sicher.<\/li><li>Bilder m\u00fcssen grunds\u00e4tzlich separat als JPG oder TIF angelegt sein.<\/li><\/ul><p><strong>Textdaten\u00fcbernahme<\/strong><\/p><ul><li>Machen Sie sich nicht zu viel M\u00fche! &#8211; Im Satz ist meist alles anders. Aufw\u00e4ndige Formatierungen sind meist nicht ohne erheblichen Nachaufwand zu \u00fcbernehmen. Sie helfen uns nicht, wenn Sie alle Gestaltung bereits im Word einbauen.<\/li><li>Verzichten Sie auf jeden Fall auf Zeilenenden, die keine Abs\u00e4tze beenden.<\/li><li>Verzichten Sie auf Leerzeilen und benutzen Sie f\u00fcr tabellierte Texte immer Tabs und keine Leerschritte.<\/li><li>Speichern Sie Ihre Daten als doc, txt-Format oder RTF ab.<\/li><li>Bei gr\u00f6\u00dferen Aufgaben sprechen Sie im Vorfeld mit uns. Unsere Satzprofis haben sicher den einen oder anderen Tipp, wie es nachher schneller oder einfacher geht.<\/li><\/ul>\t\t\t\t\t\t\t\t<\/div>\n\t\t\t\t<\/div>\n\t\t\t\t<div class=\"elementor-element elementor-element-5806f49e elementor-align-center elementor-widget elementor-widget-button\" data-id=\"5806f49e\" data-element_type=\"widget\" data-e-type=\"widget\" data-widget_type=\"button.default\">\n\t\t\t\t<div class=\"elementor-widget-container\">\n\t\t\t\t\t\t\t\t\t<div class=\"elementor-button-wrapper\">\n\t\t\t\t\t<a class=\"elementor-button elementor-button-link elementor-size-sm\" href=\"https:\/\/messelstein.annagraphie.p01.wpspace.partners\/?page_id=32\">\n\t\t\t\t\t\t<span class=\"elementor-button-content-wrapper\">\n\t\t\t\t\t\t\t\t\t<span class=\"elementor-button-text\">Jetzt Anzeige aufegeben<\/span>\n\t\t\t\t\t<\/span>\n\t\t\t\t\t<\/a>\n\t\t\t\t<\/div>\n\t\t\t\t\t\t\t\t<\/div>\n\t\t\t\t<\/div>\n\t\t\t\t\t<\/div>\n\t\t\t\t<\/div>\n\t\t<div class=\"elementor-element elementor-element-9d8e105 animated-slow e-flex e-con-boxed e-con e-parent\" data-id=\"9d8e105\" data-element_type=\"container\" data-e-type=\"container\" data-settings=\"{&quot;background_background&quot;:&quot;classic&quot;,&quot;animation&quot;:&quot;none&quot;}\">\n\t\t\t\t\t<div class=\"e-con-inner\">\n\t\t\t\t<div class=\"elementor-element elementor-element-e2542ea elementor-widget elementor-widget-heading\" data-id=\"e2542ea\" data-element_type=\"widget\" data-e-type=\"widget\" data-widget_type=\"heading.default\">\n\t\t\t\t<div class=\"elementor-widget-container\">\n\t\t\t\t\t<h3 class=\"elementor-heading-title elementor-size-default\">Aktuelles<\/h3>\t\t\t\t<\/div>\n\t\t\t\t<\/div>\n\t\t<div class=\"elementor-element elementor-element-3a3e1c8 e-con-full e-grid e-con e-child\" data-id=\"3a3e1c8\" data-element_type=\"container\" data-e-type=\"container\">\n\t\t\t\t<div class=\"elementor-element elementor-element-07094db elementor-widget__width-inherit elementor-widget elementor-widget-wp-widget-recent-posts\" data-id=\"07094db\" data-element_type=\"widget\" data-e-type=\"widget\" data-widget_type=\"wp-widget-recent-posts.default\">\n\t\t\t\t<div class=\"elementor-widget-container\">\n\t\t\t\t\t\n\t\t\n\t\t<h5>Hier geht es zu unseren aktuellen Beitr\u00e4gen<\/h5>\n\t\t<ul>\n\t\t\t\t\t\t\t\t\t\t\t<li>\n\t\t\t\t\t<a href=\"https:\/\/messelstein.annagraphie.p01.wpspace.partners\/?p=1\">Hello world!<\/a>\n\t\t\t\t\t\t\t\t\t\t\t<span class=\"post-date\">Mai 14, 2024<\/span>\n\t\t\t\t\t\t\t\t\t<\/li>\n\t\t\t\t\t<\/ul>\n\n\t\t\t\t\t\t<\/div>\n\t\t\t\t<\/div>\n\t\t\t\t<div class=\"elementor-element elementor-element-da7d03c elementor-widget elementor-widget-text-editor\" data-id=\"da7d03c\" data-element_type=\"widget\" data-e-type=\"widget\" data-widget_type=\"text-editor.default\">\n\t\t\t\t<div class=\"elementor-widget-container\">\n\t\t\t\t\t\t\t\t\t<p><strong>ACHTUNG!<\/strong><\/p><p><strong>Textbeitr\u00e4ge<\/strong> f\u00fcr die Mitteilungsbl\u00e4tter bitte nur noch an das Postfach <a href=\"berichte@messelstein.de\">berichte@messelstein.de<\/a>.<\/p><p><strong>Anzeigen<\/strong> f\u00fcr die Mitteilungsbl\u00e4tter bitte nur noch an das Postfach <a href=\"anzeigen@messelstein.de\">anzeigen@messelstein.de<\/a>.<\/p>\t\t\t\t\t\t\t\t<\/div>\n\t\t\t\t<\/div>\n\t\t\t\t<div class=\"elementor-element elementor-element-e716207 elementor-widget elementor-widget-button\" data-id=\"e716207\" data-element_type=\"widget\" data-e-type=\"widget\" data-widget_type=\"button.default\">\n\t\t\t\t<div class=\"elementor-widget-container\">\n\t\t\t\t\t\t\t\t\t<div class=\"elementor-button-wrapper\">\n\t\t\t\t\t<a class=\"elementor-button elementor-button-link elementor-size-sm\" href=\"https:\/\/messelstein.annagraphie.p01.wpspace.partners\/?page_id=34\">\n\t\t\t\t\t\t<span class=\"elementor-button-content-wrapper\">\n\t\t\t\t\t\t\t\t\t<span class=\"elementor-button-text\">Zu den Mitteilungsbl\u00e4ttern<\/span>\n\t\t\t\t\t<\/span>\n\t\t\t\t\t<\/a>\n\t\t\t\t<\/div>\n\t\t\t\t\t\t\t\t<\/div>\n\t\t\t\t<\/div>\n\t\t\t\t<\/div>\n\t\t\t\t\t<\/div>\n\t\t\t\t<\/div>\n\t\t\t\t<\/div>\n\t\t","protected":false},"excerpt":{"rendered":"<p>Mitteilungsblatt Donzdorf Das Donzdorfer Mitteilungsblatt wird im Auftrag der Stadt Donzdorf vom Messelstein-Verlag in einer w\u00f6chentlichen Auflage von 3.000 Exemplaren herausgegeben. Anzeigenschluss ist in der Regel jeweils Dienstag, 12.00 Uhr. Das Mitteilungsblatt erscheint jeden Freitag und wird bereits am Donnerstagnachmittag durch unsere Austr\u00e4ger zugestellt. Der Abonnement-Preis bel\u00e4uft sich derzeit auf 13,80 Euro pro Quartal. Mitteilungsblatt&hellip;&nbsp;<a href=\"https:\/\/messelstein.annagraphie.p01.wpspace.partners\/?page_id=34\" rel=\"bookmark\">Weiterlesen &raquo;<span class=\"screen-reader-text\">Mitteilungsbl\u00e4tter<\/span><\/a><\/p>\n","protected":false},"author":1,"featured_media":0,"parent":0,"menu_order":0,"comment_status":"closed","ping_status":"closed","template":"","meta":{"neve_meta_sidebar":"","neve_meta_container":"","neve_meta_enable_content_width":"","neve_meta_content_width":0,"neve_meta_title_alignment":"","neve_meta_author_avatar":"","neve_post_elements_order":"","neve_meta_disable_header":"","neve_meta_disable_footer":"","neve_meta_disable_title":"on","footnotes":""},"class_list":["post-34","page","type-page","status-publish","hentry"],"yoast_head":"<!-- This site is optimized with the Yoast SEO plugin v27.4 - https:\/\/yoast.com\/product\/yoast-seo-wordpress\/ -->\n<title>Mitteilungsbl\u00e4tter -<\/title>\n<meta name=\"robots\" content=\"noindex, follow, max-snippet:-1, max-image-preview:large, max-video-preview:-1\" \/>\n<meta property=\"og:locale\" content=\"de_DE\" \/>\n<meta property=\"og:type\" content=\"article\" \/>\n<meta property=\"og:title\" content=\"Mitteilungsbl\u00e4tter -\" \/>\n<meta property=\"og:description\" content=\"Mitteilungsblatt Donzdorf Das Donzdorfer Mitteilungsblatt wird im Auftrag der Stadt Donzdorf vom Messelstein-Verlag in einer w\u00f6chentlichen Auflage von 3.000 Exemplaren herausgegeben. Anzeigenschluss ist in der Regel jeweils Dienstag, 12.00 Uhr. Das Mitteilungsblatt erscheint jeden Freitag und wird bereits am Donnerstagnachmittag durch unsere Austr\u00e4ger zugestellt. Der Abonnement-Preis bel\u00e4uft sich derzeit auf 13,80 Euro pro Quartal. Mitteilungsblatt&hellip;&nbsp;Weiterlesen &raquo;Mitteilungsbl\u00e4tter\" \/>\n<meta property=\"og:url\" content=\"https:\/\/messelstein.annagraphie.p01.wpspace.partners\/?page_id=34\" \/>\n<meta property=\"article:modified_time\" content=\"2024-11-29T12:52:01+00:00\" \/>\n<meta property=\"og:image\" content=\"https:\/\/messelstein.annagraphie.p01.wpspace.partners\/wp-content\/uploads\/2024\/11\/Messelstein-Verlag-Donzdorf-Referenzen-Titel.jpg\" \/>\n<meta name=\"twitter:card\" content=\"summary_large_image\" \/>\n<meta name=\"twitter:label1\" content=\"Gesch\u00e4tzte Lesezeit\" \/>\n\t<meta name=\"twitter:data1\" content=\"4\u00a0Minuten\" \/>\n<script type=\"application\/ld+json\" class=\"yoast-schema-graph\">{\"@context\":\"https:\\\/\\\/schema.org\",\"@graph\":[{\"@type\":\"WebPage\",\"@id\":\"https:\\\/\\\/messelstein.annagraphie.p01.wpspace.partners\\\/?page_id=34\",\"url\":\"https:\\\/\\\/messelstein.annagraphie.p01.wpspace.partners\\\/?page_id=34\",\"name\":\"Mitteilungsbl\u00e4tter -\",\"isPartOf\":{\"@id\":\"https:\\\/\\\/messelstein.annagraphie.p01.wpspace.partners\\\/#website\"},\"primaryImageOfPage\":{\"@id\":\"https:\\\/\\\/messelstein.annagraphie.p01.wpspace.partners\\\/?page_id=34#primaryimage\"},\"image\":{\"@id\":\"https:\\\/\\\/messelstein.annagraphie.p01.wpspace.partners\\\/?page_id=34#primaryimage\"},\"thumbnailUrl\":\"https:\\\/\\\/messelstein.annagraphie.p01.wpspace.partners\\\/wp-content\\\/uploads\\\/2024\\\/11\\\/Messelstein-Verlag-Donzdorf-Referenzen-Titel.jpg\",\"datePublished\":\"2024-05-14T09:30:38+00:00\",\"dateModified\":\"2024-11-29T12:52:01+00:00\",\"breadcrumb\":{\"@id\":\"https:\\\/\\\/messelstein.annagraphie.p01.wpspace.partners\\\/?page_id=34#breadcrumb\"},\"inLanguage\":\"de\",\"potentialAction\":[{\"@type\":\"ReadAction\",\"target\":[\"https:\\\/\\\/messelstein.annagraphie.p01.wpspace.partners\\\/?page_id=34\"]}]},{\"@type\":\"ImageObject\",\"inLanguage\":\"de\",\"@id\":\"https:\\\/\\\/messelstein.annagraphie.p01.wpspace.partners\\\/?page_id=34#primaryimage\",\"url\":\"\",\"contentUrl\":\"\"},{\"@type\":\"BreadcrumbList\",\"@id\":\"https:\\\/\\\/messelstein.annagraphie.p01.wpspace.partners\\\/?page_id=34#breadcrumb\",\"itemListElement\":[{\"@type\":\"ListItem\",\"position\":1,\"name\":\"Startseite\",\"item\":\"https:\\\/\\\/messelstein.annagraphie.p01.wpspace.partners\\\/\"},{\"@type\":\"ListItem\",\"position\":2,\"name\":\"Mitteilungsbl\u00e4tter\"}]},{\"@type\":\"WebSite\",\"@id\":\"https:\\\/\\\/messelstein.annagraphie.p01.wpspace.partners\\\/#website\",\"url\":\"https:\\\/\\\/messelstein.annagraphie.p01.wpspace.partners\\\/\",\"name\":\"\",\"description\":\"Deine zuverl\u00e4ssige Druckerei aus Donzdorf\",\"potentialAction\":[{\"@type\":\"SearchAction\",\"target\":{\"@type\":\"EntryPoint\",\"urlTemplate\":\"https:\\\/\\\/messelstein.annagraphie.p01.wpspace.partners\\\/?s={search_term_string}\"},\"query-input\":{\"@type\":\"PropertyValueSpecification\",\"valueRequired\":true,\"valueName\":\"search_term_string\"}}],\"inLanguage\":\"de\"}]}<\/script>\n<!-- \/ Yoast SEO plugin. -->","yoast_head_json":{"title":"Mitteilungsbl\u00e4tter -","robots":{"index":"noindex","follow":"follow","max-snippet":"max-snippet:-1","max-image-preview":"max-image-preview:large","max-video-preview":"max-video-preview:-1"},"og_locale":"de_DE","og_type":"article","og_title":"Mitteilungsbl\u00e4tter -","og_description":"Mitteilungsblatt Donzdorf Das Donzdorfer Mitteilungsblatt wird im Auftrag der Stadt Donzdorf vom Messelstein-Verlag in einer w\u00f6chentlichen Auflage von 3.000 Exemplaren herausgegeben. Anzeigenschluss ist in der Regel jeweils Dienstag, 12.00 Uhr. Das Mitteilungsblatt erscheint jeden Freitag und wird bereits am Donnerstagnachmittag durch unsere Austr\u00e4ger zugestellt. Der Abonnement-Preis bel\u00e4uft sich derzeit auf 13,80 Euro pro Quartal. Mitteilungsblatt&hellip;&nbsp;Weiterlesen &raquo;Mitteilungsbl\u00e4tter","og_url":"https:\/\/messelstein.annagraphie.p01.wpspace.partners\/?page_id=34","article_modified_time":"2024-11-29T12:52:01+00:00","og_image":[{"url":"https:\/\/messelstein.annagraphie.p01.wpspace.partners\/wp-content\/uploads\/2024\/11\/Messelstein-Verlag-Donzdorf-Referenzen-Titel.jpg","type":"","width":"","height":""}],"twitter_card":"summary_large_image","twitter_misc":{"Gesch\u00e4tzte Lesezeit":"4\u00a0Minuten"},"schema":{"@context":"https:\/\/schema.org","@graph":[{"@type":"WebPage","@id":"https:\/\/messelstein.annagraphie.p01.wpspace.partners\/?page_id=34","url":"https:\/\/messelstein.annagraphie.p01.wpspace.partners\/?page_id=34","name":"Mitteilungsbl\u00e4tter -","isPartOf":{"@id":"https:\/\/messelstein.annagraphie.p01.wpspace.partners\/#website"},"primaryImageOfPage":{"@id":"https:\/\/messelstein.annagraphie.p01.wpspace.partners\/?page_id=34#primaryimage"},"image":{"@id":"https:\/\/messelstein.annagraphie.p01.wpspace.partners\/?page_id=34#primaryimage"},"thumbnailUrl":"https:\/\/messelstein.annagraphie.p01.wpspace.partners\/wp-content\/uploads\/2024\/11\/Messelstein-Verlag-Donzdorf-Referenzen-Titel.jpg","datePublished":"2024-05-14T09:30:38+00:00","dateModified":"2024-11-29T12:52:01+00:00","breadcrumb":{"@id":"https:\/\/messelstein.annagraphie.p01.wpspace.partners\/?page_id=34#breadcrumb"},"inLanguage":"de","potentialAction":[{"@type":"ReadAction","target":["https:\/\/messelstein.annagraphie.p01.wpspace.partners\/?page_id=34"]}]},{"@type":"ImageObject","inLanguage":"de","@id":"https:\/\/messelstein.annagraphie.p01.wpspace.partners\/?page_id=34#primaryimage","url":"","contentUrl":""},{"@type":"BreadcrumbList","@id":"https:\/\/messelstein.annagraphie.p01.wpspace.partners\/?page_id=34#breadcrumb","itemListElement":[{"@type":"ListItem","position":1,"name":"Startseite","item":"https:\/\/messelstein.annagraphie.p01.wpspace.partners\/"},{"@type":"ListItem","position":2,"name":"Mitteilungsbl\u00e4tter"}]},{"@type":"WebSite","@id":"https:\/\/messelstein.annagraphie.p01.wpspace.partners\/#website","url":"https:\/\/messelstein.annagraphie.p01.wpspace.partners\/","name":"","description":"Deine zuverl\u00e4ssige Druckerei aus Donzdorf","potentialAction":[{"@type":"SearchAction","target":{"@type":"EntryPoint","urlTemplate":"https:\/\/messelstein.annagraphie.p01.wpspace.partners\/?s={search_term_string}"},"query-input":{"@type":"PropertyValueSpecification","valueRequired":true,"valueName":"search_term_string"}}],"inLanguage":"de"}]}},"_links":{"self":[{"href":"https:\/\/messelstein.annagraphie.p01.wpspace.partners\/index.php?rest_route=\/wp\/v2\/pages\/34","targetHints":{"allow":["GET"]}}],"collection":[{"href":"https:\/\/messelstein.annagraphie.p01.wpspace.partners\/index.php?rest_route=\/wp\/v2\/pages"}],"about":[{"href":"https:\/\/messelstein.annagraphie.p01.wpspace.partners\/index.php?rest_route=\/wp\/v2\/types\/page"}],"author":[{"embeddable":true,"href":"https:\/\/messelstein.annagraphie.p01.wpspace.partners\/index.php?rest_route=\/wp\/v2\/users\/1"}],"replies":[{"embeddable":true,"href":"https:\/\/messelstein.annagraphie.p01.wpspace.partners\/index.php?rest_route=%2Fwp%2Fv2%2Fcomments&post=34"}],"version-history":[{"count":16,"href":"https:\/\/messelstein.annagraphie.p01.wpspace.partners\/index.php?rest_route=\/wp\/v2\/pages\/34\/revisions"}],"predecessor-version":[{"id":369,"href":"https:\/\/messelstein.annagraphie.p01.wpspace.partners\/index.php?rest_route=\/wp\/v2\/pages\/34\/revisions\/369"}],"wp:attachment":[{"href":"https:\/\/messelstein.annagraphie.p01.wpspace.partners\/index.php?rest_route=%2Fwp%2Fv2%2Fmedia&parent=34"}],"curies":[{"name":"wp","href":"https:\/\/api.w.org\/{rel}","templated":true}]}}